{"id":154,"date":"2022-11-23T19:27:28","date_gmt":"2022-11-23T19:27:28","guid":{"rendered":"https:\/\/modernteknolojiyapilari.com.tr\/?page_id=154"},"modified":"2024-05-25T13:55:11","modified_gmt":"2024-05-25T10:55:11","slug":"iletisim","status":"publish","type":"page","link":"https:\/\/modernteknolojiyapilari.com.tr\/?page_id=154","title":{"rendered":"\u0130leti\u015fim"},"content":{"rendered":"<div data-colibri-id=\"154-c1\" class=\"style-346 style-local-154-c1 position-relative\">\n  <!---->\n  <div data-colibri-component=\"section\" data-colibri-id=\"154-c2\" id=\"overlappable\" class=\"h-section h-section-global-spacing d-flex align-items-lg-center align-items-md-center align-items-center style-583 style-local-154-c2 position-relative\">\n    <!---->\n    <!---->\n    <div class=\"h-section-grid-container h-section-boxed-container\">\n      <!---->\n      <div data-colibri-id=\"154-c3\" class=\"h-row-container gutters-row-lg-2 gutters-row-md-0 gutters-row-2 gutters-row-v-lg-2 gutters-row-v-md-0 gutters-row-v-2 style-584 style-local-154-c3 position-relative\">\n        <!---->\n        <div class=\"h-row justify-content-lg-center justify-content-md-center justify-content-center align-items-lg-stretch align-items-md-stretch align-items-stretch gutters-col-lg-2 gutters-col-md-0 gutters-col-2 gutters-col-v-lg-2 gutters-col-v-md-0 gutters-col-v-2\">\n          <!---->\n          <div class=\"h-column h-column-container d-flex h-col-lg-6 h-col-md-6 h-col-12 style-585-outer style-local-154-c4-outer\">\n            <div data-colibri-id=\"154-c4\" class=\"d-flex h-flex-basis h-column__inner h-px-lg-2 h-px-md-3 h-px-2 v-inner-lg-0 v-inner-md-3 v-inner-2 style-585 style-local-154-c4 position-relative\">\n              <!---->\n              <!---->\n              <div class=\"w-100 h-y-container h-column__content h-column__v-align flex-basis-100 align-self-lg-start align-self-md-start align-self-start\">\n                <!---->\n                <div data-colibri-id=\"154-c5\" class=\"h-icon style-586 style-local-154-c5 position-relative h-element\">\n                  <!----><span class=\"h-svg-icon h-icon__icon style-586-icon style-local-154-c5-icon\"><!--Icon by Font Awesome (https:\/\/fontawesome.com)-->\n    <svg version=\"1.1\" xmlns=\"http:\/\/www.w3.org\/2000\/svg\" xmlns:xlink=\"http:\/\/www.w3.org\/1999\/xlink\" id=\"map-marker\" viewBox=\"0 0 1049.8953 1896.0833\">\n      <path d=\"M768 640q0-106-75-181t-181-75-181 75-75 181 75 181 181 75 181-75 75-181zm256 0q0 109-33 179l-364 774q-16 33-47.5 52t-67.5 19-67.5-19-46.5-52L33 819Q0 749 0 640q0-212 150-362t362-150 362 150 150 362z\"><\/path>\n    <\/svg><\/span><\/div>\n                <div data-colibri-id=\"154-c6\" class=\"h-global-transition-all h-heading style-587 style-local-154-c6 position-relative h-element\">\n                  <!---->\n                  <div class=\"h-heading__outer style-587 style-local-154-c6\">\n                    <!---->\n                    <!---->\n                    <h5 class=\"\">Merkez Ofis<\/h5>\n                  <\/div>\n                <\/div>\n                <div data-colibri-id=\"154-c7\" class=\"h-text h-text-component style-588 style-local-154-c7 position-relative h-element\">\n                  <!---->\n                  <!---->\n                  <div class=\"\">\n                    <p>V<span style=\"color: rgb(102, 102, 102); font-family: &quot;Open Sans&quot;; font-size: 16px; font-weight: 400;\">iaport Venezia AVM<\/span><\/p>\n                    <p>Karadeniz Mah, Eski Edirne Asf. G3 Blok Kat:1 Ofis: 64 G.O.Pa\u015fa\/\u0130stanbul<\/p>\n                  <\/div>\n                <\/div>\n              <\/div>\n            <\/div>\n          <\/div>\n          <div class=\"h-column h-column-container d-flex h-col-lg-6 h-col-md-6 h-col-12 style-585-outer style-local-154-c8-outer\">\n            <div data-colibri-id=\"154-c8\" class=\"d-flex h-flex-basis h-column__inner h-px-lg-2 h-px-md-3 h-px-2 v-inner-lg-0 v-inner-md-3 v-inner-2 style-585 style-local-154-c8 position-relative\">\n              <!---->\n              <!---->\n              <div class=\"w-100 h-y-container h-column__content h-column__v-align flex-basis-100 align-self-lg-start align-self-md-start align-self-start\">\n                <!---->\n                <div data-colibri-id=\"154-c9\" class=\"h-icon style-586 style-local-154-c9 position-relative h-element\">\n                  <!----><span class=\"h-svg-icon h-icon__icon style-586-icon style-local-154-c9-icon\"><!--Icon by Font Awesome (https:\/\/fontawesome.com)-->\n    <svg version=\"1.1\" xmlns=\"http:\/\/www.w3.org\/2000\/svg\" xmlns:xlink=\"http:\/\/www.w3.org\/1999\/xlink\" id=\"phone\" viewBox=\"0 0 1408 1896.0833\">\n      <path d=\"M1408 1240q0 27-10 70.5t-21 68.5q-21 50-122 106-94 51-186 51-27 0-53-3.5t-57.5-12.5-47-14.5T856 1485t-49-18q-98-35-175-83-127-79-264-216T152 904q-48-77-83-175-3-9-18-49t-20.5-55.5-14.5-47T3.5 520 0 467q0-92 51-186 56-101 106-122 25-11 68.5-21t70.5-10q14 0 21 3 18 6 53 76 11 19 30 54t35 63.5 31 53.5q3 4 17.5 25t21.5 35.5 7 28.5q0 20-28.5 50t-62 55-62 53-28.5 46q0 9 5 22.5t8.5 20.5 14 24 11.5 19q76 137 174 235t235 174q2 1 19 11.5t24 14 20.5 8.5 22.5 5q18 0 46-28.5t53-62 55-62 50-28.5q14 0 28.5 7t35.5 21.5 25 17.5q25 15 53.5 31t63.5 35 54 30q70 35 76 53 3 7 3 21z\"><\/path>\n    <\/svg><\/span><\/div>\n                <div data-colibri-id=\"154-c10\" class=\"h-global-transition-all h-heading style-587 style-local-154-c10 position-relative h-element\">\n                  <!---->\n                  <div class=\"h-heading__outer style-587 style-local-154-c10\">\n                    <!---->\n                    <!---->\n                    <h5 class=\"\">Telefon<\/h5>\n                  <\/div>\n                <\/div>\n                <div data-colibri-id=\"154-c11\" class=\"h-text h-text-component style-588 style-local-154-c11 position-relative h-element\">\n                  <!---->\n                  <!---->\n                  <div class=\"\">\n                    <p>\n                      <br>\n                    <\/p>\n                    <h4><strong>Cep<\/strong> : 0532 635 25 21<\/h4>\n                    <p>\n                      <br>\n                    <\/p>\n                  <\/div>\n                <\/div>\n              <\/div>\n            <\/div>\n          <\/div>\n        <\/div>\n      <\/div>\n    <\/div>\n  <\/div>\n  <div data-colibri-component=\"section\" data-colibri-id=\"154-c12\" id=\"contact\" class=\"h-section h-section-global-spacing d-flex align-items-lg-center align-items-md-center align-items-center style-589 style-local-154-c12 position-relative\">\n    <div class=\"background-wrapper\">\n      <div class=\"background-layer background-layer-media-container-lg\">\n        <!---->\n        <div class=\"overlay-layer\">\n          <div class=\"overlay-image-layer\" style=\"background-color: rgb(0, 0, 0); opacity: 0.5;\"><\/div>\n        <\/div>\n      <\/div>\n      <div class=\"background-layer background-layer-media-container-md\">\n        <!---->\n        <div class=\"overlay-layer\">\n          <div class=\"overlay-image-layer\" style=\"background-color: rgb(0, 0, 0); opacity: 0.5;\"><\/div>\n        <\/div>\n      <\/div>\n      <div class=\"background-layer background-layer-media-container\">\n        <!---->\n        <div class=\"overlay-layer\">\n          <div class=\"overlay-image-layer\" style=\"background-color: rgb(0, 0, 0); opacity: 0.5;\"><\/div>\n        <\/div>\n      <\/div>\n    <\/div>\n    <!---->\n    <div class=\"h-section-grid-container h-section-boxed-container\">\n      <!---->\n      <div data-colibri-id=\"154-c13\" class=\"h-row-container gutters-row-lg-2 gutters-row-md-2 gutters-row-2 gutters-row-v-lg-2 gutters-row-v-md-2 gutters-row-v-2 style-590 style-local-154-c13 position-relative\">\n        <!---->\n        <div class=\"h-row justify-content-lg-center justify-content-md-center justify-content-center align-items-lg-stretch align-items-md-stretch align-items-stretch gutters-col-lg-2 gutters-col-md-2 gutters-col-2 gutters-col-v-lg-2 gutters-col-v-md-2 gutters-col-v-2\">\n          <!---->\n          <div class=\"h-column h-column-container d-flex h-col-lg-auto h-col-md-auto h-col-auto style-591-outer style-local-154-c14-outer\">\n            <div data-colibri-id=\"154-c14\" class=\"d-flex h-flex-basis h-column__inner h-px-lg-0 h-px-md-0 h-px-0 v-inner-lg-0 v-inner-md-0 v-inner-0 style-591 style-local-154-c14 position-relative\">\n              <!---->\n              <!---->\n              <div class=\"w-100 h-y-container h-column__content h-column__v-align flex-basis-100 align-self-lg-start align-self-md-start align-self-start\">\n                <!---->\n                <div data-colibri-id=\"154-c15\" class=\"h-row-container gutters-row-lg-0 gutters-row-md-0 gutters-row-0 gutters-row-v-lg-0 gutters-row-v-md-0 gutters-row-v-0 style-592 style-local-154-c15 position-relative\">\n                  <!---->\n                  <div class=\"h-row justify-content-lg-center justify-content-md-center justify-content-center align-items-lg-stretch align-items-md-stretch align-items-stretch gutters-col-lg-0 gutters-col-md-0 gutters-col-0 gutters-col-v-lg-0 gutters-col-v-md-0 gutters-col-v-0\">\n                    <!---->\n                    <div class=\"h-column h-column-container d-flex h-col-lg-auto h-col-md-auto h-col-auto style-593-outer style-local-154-c16-outer\">\n                      <div data-colibri-id=\"154-c16\" class=\"d-flex h-flex-basis h-column__inner h-px-lg-0 h-px-md-0 h-px-0 v-inner-lg-0 v-inner-md-0 v-inner-0 style-593 style-local-154-c16 position-relative\">\n                        <!---->\n                        <!---->\n                        <div class=\"w-100 h-y-container h-column__content h-column__v-align flex-basis-100 align-self-lg-center align-self-md-center align-self-center\">\n                          <!---->\n                          <div data-colibri-id=\"154-c17\" class=\"h-global-transition-all h-heading style-594 style-local-154-c17 position-relative h-element\">\n                            <!---->\n                            <div class=\"h-heading__outer style-594 style-local-154-c17\">\n                              <!---->\n                              <!---->\n                              <h4 class=\"\">\u0130LET\u0130\u015e\u0130M FORMU<\/h4>\n                            <\/div>\n                          <\/div>\n                          <div data-colibri-id=\"154-c18\" class=\"h-global-transition-all h-heading style-596 style-local-154-c18 position-relative h-element\">\n                            <!---->\n                            <div class=\"h-heading__outer style-596 style-local-154-c18\">\n                              <!---->\n                              <!---->\n                              <h5 class=\"\">Soru ve g\u00f6r\u00fc\u015fleriniz i\u00e7in ileti\u015fime ge\u00e7in<\/h5>\n                            <\/div>\n                          <\/div>\n                          <div data-colibri-id=\"154-c19\" class=\"h-icon style-595 style-local-154-c19 position-relative h-element\">\n                            <!---->\n                            <a href=\"mailto:info@modernteknolojiyapilari.com.tr\" h-use-smooth-scroll=\"true\"><span class=\"h-svg-icon h-icon__icon style-595-icon style-local-154-c19-icon\"><!--Icon by Font Awesome (https:\/\/fontawesome.com)-->\n    <svg version=\"1.1\" xmlns=\"http:\/\/www.w3.org\/2000\/svg\" xmlns:xlink=\"http:\/\/www.w3.org\/1999\/xlink\" id=\"envelope-o\" viewBox=\"0 0 1792 1896.0833\">\n      <path d=\"M1664 1504V736q-32 36-69 66-268 206-426 338-51 43-83 67t-86.5 48.5T897 1280h-2q-48 0-102.5-24.5T706 1207t-83-67q-158-132-426-338-37-30-69-66v768q0 13 9.5 22.5t22.5 9.5h1472q13 0 22.5-9.5t9.5-22.5zm0-1051v-24.5l-.5-13-3-12.5-5.5-9-9-7.5-14-2.5H160q-13 0-22.5 9.5T128 416q0 168 147 284 193 152 401 317 6 5 35 29.5t46 37.5 44.5 31.5T852 1143t43 9h2q20 0 43-9t50.5-27.5 44.5-31.5 46-37.5 35-29.5q208-165 401-317 54-43 100.5-115.5T1664 453zm128-37v1088q0 66-47 113t-113 47H160q-66 0-113-47T0 1504V416q0-66 47-113t113-47h1472q66 0 113 47t47 113z\"><\/path>\n    <\/svg><\/span><\/a>\n                          <\/div>\n                          <div data-colibri-id=\"154-c20\" class=\"style-597 style-local-154-c20 position-relative h-element\">\n                            <!---->\n                            <div class=\"d-flex flex-wrap h-social-icons justify-content-lg-center justify-content-md-center justify-content-center\">\n                              <div class=\"social-icon-container d-inline-flex\">\n                                <a href=\"https:\/\/www.facebook.com\/Modernteknolojiyapilari?mibextid=2JQ9oc\" target=\"_blank\" h-use-smooth-scroll=\"true\" rel=\"noopener\">\n                                  <div class=\"icon-container h-social-icon h-global-transition\">\n                                    <div class=\"h-icon-svg\" style=\"width: 100%; height: 100%;\">\n                                      <!--Icon by Font Awesome (https:\/\/fontawesome.com)-->\n                                      <svg version=\"1.1\" xmlns=\"http:\/\/www.w3.org\/2000\/svg\" xmlns:xlink=\"http:\/\/www.w3.org\/1999\/xlink\" id=\"facebook-square\" viewBox=\"0 0 1536 1896.0833\">\n                                        <path d=\"M1248 128q119 0 203.5 84.5T1536 416v960q0 119-84.5 203.5T1248 1664h-188v-595h199l30-232h-229V689q0-56 23.5-84t91.5-28l122-1V369q-63-9-178-9-136 0-217.5 80T820 666v171H620v232h200v595H288q-119 0-203.5-84.5T0 1376V416q0-119 84.5-203.5T288 128h960z\"><\/path>\n                                      <\/svg>\n                                    <\/div>\n                                  <\/div>\n                                <\/a>\n                              <\/div>\n                              <div class=\"social-icon-container d-inline-flex\">\n                                <a href=\"https:\/\/instagram.com\/modernteknolojiyapilari?igshid=MmIzYWVlNDQ5Yg==\" target=\"_blank\" h-use-smooth-scroll=\"true\" rel=\"noopener\">\n                                  <div class=\"icon-container h-social-icon h-global-transition\">\n                                    <div class=\"h-icon-svg\" style=\"width: 100%; height: 100%;\">\n                                      <!--Icon by Socicon (http:\/\/www.socicon.com)-->\n                                      <svg version=\"1.1\" xmlns=\"http:\/\/www.w3.org\/2000\/svg\" viewBox=\"0 0 1500 1500\">\n\n                                        <path d=\"M750 134.766c202.148 0 222.656 2.93 301.758 5.859 76.172 2.93 114.258 14.648 140.625 23.438 35.156 14.648 61.523 32.227 84.961 55.664 26.367 26.367 43.945 52.734 55.664 84.961 11.719 29.297 23.438 67.383 26.367 140.625 2.93 82.031 5.859 102.539 5.859 304.688s-2.93 222.656-5.859 301.758c-2.93 76.172-14.648 114.258-23.438 140.625-14.648 35.156-32.227 61.523-55.664 84.961-26.367 26.367-52.734 43.945-84.961 55.664-29.297 11.719-67.383 23.438-140.625 26.367-82.031 2.93-102.539 5.859-304.688 5.859s-222.656-2.93-301.758-5.859c-76.172-2.93-114.258-14.648-140.625-23.438-35.156-14.648-61.523-32.227-84.961-55.664-26.367-26.367-43.945-52.734-55.664-84.961-11.719-29.297-23.438-67.383-26.367-140.625-2.93-82.031-5.859-102.539-5.859-304.688s2.93-222.656 5.859-301.758c2.93-76.172 14.648-114.258 23.438-140.625 14.648-35.156 32.227-61.523 55.664-84.961 26.367-26.367 52.734-43.945 84.961-55.664 29.297-11.719 67.383-23.438 140.625-26.367 82.031-2.93 102.539-5.859 304.688-5.859M750 0c-205.078 0-228.516 2.93-307.617 5.859-82.031 2.93-137.695 14.648-181.641 32.227-49.805 20.508-93.75 46.875-134.766 87.891s-67.383 84.961-87.891 134.766c-17.578 46.875-29.297 99.609-32.227 181.641-2.93 79.102-5.859 102.539-5.859 307.617s2.93 228.516 5.859 307.617c2.93 82.031 14.648 137.695 32.227 181.641 20.508 49.805 46.875 93.75 87.891 134.766s84.961 67.383 134.766 87.891c46.875 17.578 99.609 29.297 181.641 32.227 79.102 2.93 102.539 5.859 307.617 5.859s228.516-2.93 307.617-5.859c82.031-2.93 137.695-14.648 181.641-32.227 49.805-20.508 93.75-46.875 134.766-87.891s67.383-84.961 87.891-134.766c17.578-46.875 29.297-99.609 32.227-181.641 2.93-79.102 5.859-102.539 5.859-307.617s-2.93-228.516-5.859-307.617c-2.93-82.031-14.648-137.695-32.227-181.641-20.508-49.805-46.875-93.75-87.891-134.766s-84.961-67.383-134.766-87.891c-46.875-17.578-99.609-29.297-181.641-32.227-79.102-2.93-102.539-5.859-307.617-5.859zM750 363.281c-213.867 0-386.719 172.852-386.719 386.719s172.852 386.719 386.719 386.719c213.867 0 386.719-172.852 386.719-386.719s-172.852-386.719-386.719-386.719zM750 1001.953c-137.695 0-251.953-114.258-251.953-251.953s114.258-251.953 251.953-251.953c137.695 0 251.953 114.258 251.953 251.953s-114.258 251.953-251.953 251.953zM1239.258 348.633c0 49.805-38.086 90.82-87.891 90.82s-90.82-41.016-90.82-90.82c0-49.805 41.016-87.891 90.82-87.891s87.891 38.086 87.891 87.891z\"><\/path>\n                                      <\/svg>\n                                    <\/div>\n                                  <\/div>\n                                <\/a>\n                              <\/div>\n                              <div class=\"social-icon-container d-inline-flex\">\n                                <a href=\"https:\/\/wa.me\/905324699800?text=Modern%20Teknoloji%20Yap\u0131lar\u0131%20|%20Kurumsal%20ileti\u015fim%20sayfas\u0131na%20ho\u015f%20geldiniz.%20|%20Size%20nas\u0131l%20yard\u0131mc\u0131%20olabiliriz.\" target=\"_blank\" h-use-smooth-scroll=\"true\" rel=\"noopener\">\n                                  <div class=\"icon-container h-social-icon h-global-transition\">\n                                    <div class=\"h-icon-svg\" style=\"width: 100%; height: 100%;\">\n                                      <!--Icon by Socicon (http:\/\/www.socicon.com)-->\n                                      <svg version=\"1.1\" xmlns=\"http:\/\/www.w3.org\/2000\/svg\" viewBox=\"0 0 1500 1500\">\n\n                                        <path d=\"M1280.273 216.797c-140.625-140.625-328.125-216.797-527.344-216.797-410.156 0-744.141 333.984-744.141 744.141 0 128.906 35.156 257.813 99.609 372.070l-105.469 383.789 395.508-102.539c108.398 58.594 228.516 90.82 354.492 90.82v0c0 0 0 0 0 0 410.156 0 744.141-333.984 744.141-744.141 0-199.219-76.172-386.719-216.797-527.344zM752.93 1362.305v0c-111.328 0-219.727-29.297-313.477-87.891l-23.438-11.719-234.375 61.523 61.523-228.516-14.648-23.438c-61.523-99.609-93.75-210.938-93.75-328.125 0-342.773 278.32-618.164 618.164-618.164 164.063 0 319.336 64.453 436.523 181.641s181.641 272.461 181.641 436.523c0 339.844-278.32 618.164-618.164 618.164zM1092.773 899.414c-20.508-8.789-111.328-55.664-128.906-61.523-14.648-5.859-29.297-8.789-41.016 8.789-11.719 20.508-46.875 61.523-58.594 73.242s-20.508 14.648-41.016 5.859c-17.578-8.789-76.172-29.297-149.414-93.75-52.734-46.875-90.82-108.398-102.539-128.906-11.719-17.578 0-26.367 8.789-38.086 8.789-5.859 17.578-20.508 26.367-32.227 11.719-8.789 14.648-17.578 20.508-29.297s2.93-23.438-2.93-32.227c-2.93-8.789-41.016-102.539-55.664-137.695-17.578-38.086-32.227-32.227-43.945-32.227-8.789 0-23.438 0-35.156 0s-32.227 2.93-49.805 20.508c-17.578 20.508-64.453 64.453-64.453 155.273 0 93.75 67.383 181.641 76.172 193.359s131.836 199.219 316.406 281.25c43.945 17.578 79.102 29.297 105.469 38.086 46.875 14.648 84.961 11.719 117.188 8.789 38.086-5.859 111.328-46.875 125.977-90.82 17.578-41.016 17.578-79.102 11.719-87.891-5.859-5.859-17.578-11.719-35.156-20.508z\"><\/path>\n                                      <\/svg>\n                                    <\/div>\n                                  <\/div>\n                                <\/a>\n                              <\/div>\n                            <\/div>\n                          <\/div>\n                        <\/div>\n                      <\/div>\n                    <\/div>\n                    <div class=\"h-column h-column-container d-flex h-col-lg-auto h-col-md-auto h-col-auto style-598-outer style-local-154-c21-outer\">\n                      <div data-colibri-id=\"154-c21\" class=\"d-flex h-flex-basis h-column__inner h-px-lg-0 h-px-md-0 h-px-0 v-inner-lg-0 v-inner-md-0 v-inner-0 style-598 style-local-154-c21 position-relative\">\n                        <!---->\n                        <!---->\n                        <div class=\"w-100 h-y-container h-column__content h-column__v-align flex-basis-100 align-self-lg-center align-self-md-center align-self-center\">\n                          <!---->\n                          <div data-colibri-id=\"154-c22\" class=\"style-599 style-local-154-c22 position-relative h-element\">\n                            <!---->\n                            <div class=\"h-global-transition-all h-global-transition h-global-transition-all h-contact-form-shortcode\"><iframe src=\"https:\/\/www.google.com\/maps\/embed?pb=!1m18!1m12!1m3!1d96276.44176169805!2d28.884991999999997!3d41.0550272!2m3!1f0!2f0!3f0!3m2!1i1024!2i768!4f13.1!3m3!1m2!1s0x14cab025c4de7167%3A0xb112f4f1997a82d6!2sVenezia%20Mega%20Outlet!5e0!3m2!1str!2str!4v1693443736986!5m2!1str!2str\" width=\"100%\" height=\"400\" style=\"border:0;\" allowfullscreen=\"\" loading=\"lazy\" referrerpolicy=\"no-referrer-when-downgrade\"><\/iframe><\/div>\n                          <\/div>\n                        <\/div>\n                      <\/div>\n                    <\/div>\n                  <\/div>\n                <\/div>\n              <\/div>\n            <\/div>\n          <\/div>\n        <\/div>\n      <\/div>\n    <\/div>\n  <\/div>\n<\/div>","protected":false},"excerpt":{"rendered":"<p>Merkez Ofis Viaport Venezia AVM Karadeniz Mah, Eski Edirne Asf. G3 Blok Kat:1 Ofis: 64 G.O.Pa\u015fa\/\u0130stanbul Telefon Cep : 0532 635 25 21 \u0130LET\u0130\u015e\u0130M FORMU Soru ve g\u00f6r\u00fc\u015fleriniz i\u00e7in ileti\u015fime ge\u00e7in<\/p>\n","protected":false},"author":1,"featured_media":0,"parent":0,"menu_order":0,"comment_status":"closed","ping_status":"closed","template":"page-templates\/full-width-page.php","meta":[],"_links":{"self":[{"href":"https:\/\/modernteknolojiyapilari.com.tr\/index.php?rest_route=\/wp\/v2\/pages\/154"}],"collection":[{"href":"https:\/\/modernteknolojiyapilari.com.tr\/index.php?rest_route=\/wp\/v2\/pages"}],"about":[{"href":"https:\/\/modernteknolojiyapilari.com.tr\/index.php?rest_route=\/wp\/v2\/types\/page"}],"author":[{"embeddable":true,"href":"https:\/\/modernteknolojiyapilari.com.tr\/index.php?rest_route=\/wp\/v2\/users\/1"}],"replies":[{"embeddable":true,"href":"https:\/\/modernteknolojiyapilari.com.tr\/index.php?rest_route=%2Fwp%2Fv2%2Fcomments&post=154"}],"version-history":[{"count":20,"href":"https:\/\/modernteknolojiyapilari.com.tr\/index.php?rest_route=\/wp\/v2\/pages\/154\/revisions"}],"predecessor-version":[{"id":1309,"href":"https:\/\/modernteknolojiyapilari.com.tr\/index.php?rest_route=\/wp\/v2\/pages\/154\/revisions\/1309"}],"wp:attachment":[{"href":"https:\/\/modernteknolojiyapilari.com.tr\/index.php?rest_route=%2Fwp%2Fv2%2Fmedia&parent=154"}],"curies":[{"name":"wp","href":"https:\/\/api.w.org\/{rel}","templated":true}]}}