{"id":459,"date":"2022-11-26T20:44:23","date_gmt":"2022-11-26T17:44:23","guid":{"rendered":"https:\/\/modernteknolojiyapilari.com.tr\/?page_id=459"},"modified":"2022-12-28T11:02:51","modified_gmt":"2022-12-28T08:02:51","slug":"pratik-yapilar","status":"publish","type":"page","link":"https:\/\/modernteknolojiyapilari.com.tr\/?page_id=459","title":{"rendered":"Pratik Yap\u0131lar"},"content":{"rendered":"<div data-colibri-id=\"459-c1\">&nbsp;<\/div>\n<div data-colibri-id=\"459-c1\">&nbsp;<\/div>\n<div class=\"style-655 style-local-459-c1 position-relative\" style=\"text-align: center;\" data-colibri-id=\"459-c1\">Az yer kaplayan \u00e7ad\u0131r t\u00fcrledir. Ge\u00e7ici veya kal\u0131c\u0131 kullan\u0131ma, her lokasyonda uyum sa\u011flayabilmektedir.<\/div>\n<div data-colibri-id=\"459-c1\">&nbsp;<\/div>\n<div data-colibri-id=\"459-c1\">&nbsp;<\/div>\n\n\n<figure class=\"is-layout-flex wp-block-gallery-1 wp-block-gallery has-nested-images columns-4 is-cropped\">\n<figure class=\"wp-block-image size-full\"><a href=\"https:\/\/modernteknolojiyapilari.com.tr\/wp-content\/uploads\/2022\/12\/IMG_5143.jpg\"><img decoding=\"async\" loading=\"lazy\" width=\"1000\" height=\"750\" data-id=\"938\"  src=\"https:\/\/modernteknolojiyapilari.com.tr\/wp-content\/uploads\/2022\/12\/IMG_5143.jpg\" alt=\"\" class=\"wp-image-938\" srcset=\"https:\/\/modernteknolojiyapilari.com.tr\/wp-content\/uploads\/2022\/12\/IMG_5143.jpg 1000w, https:\/\/modernteknolojiyapilari.com.tr\/wp-content\/uploads\/2022\/12\/IMG_5143-300x225.jpg 300w, https:\/\/modernteknolojiyapilari.com.tr\/wp-content\/uploads\/2022\/12\/IMG_5143-768x576.jpg 768w\" sizes=\"(max-width: 1000px) 100vw, 1000px\" \/><\/a><\/figure>\n\n\n\n<figure class=\"wp-block-image size-large\"><a href=\"https:\/\/modernteknolojiyapilari.com.tr\/wp-content\/uploads\/2022\/12\/IMG_E5054.jpg\"><img decoding=\"async\" loading=\"lazy\" width=\"1024\" height=\"768\" data-id=\"941\"  src=\"https:\/\/modernteknolojiyapilari.com.tr\/wp-content\/uploads\/2022\/12\/IMG_E5054-1024x768.jpg\" alt=\"\" class=\"wp-image-941\" srcset=\"https:\/\/modernteknolojiyapilari.com.tr\/wp-content\/uploads\/2022\/12\/IMG_E5054-1024x768.jpg 1024w, https:\/\/modernteknolojiyapilari.com.tr\/wp-content\/uploads\/2022\/12\/IMG_E5054-300x225.jpg 300w, https:\/\/modernteknolojiyapilari.com.tr\/wp-content\/uploads\/2022\/12\/IMG_E5054-768x576.jpg 768w, https:\/\/modernteknolojiyapilari.com.tr\/wp-content\/uploads\/2022\/12\/IMG_E5054.jpg 1200w\" sizes=\"(max-width: 1024px) 100vw, 1024px\" \/><\/a><\/figure>\n\n\n\n<figure class=\"wp-block-image size-full\"><a href=\"https:\/\/modernteknolojiyapilari.com.tr\/wp-content\/uploads\/2022\/12\/IMG_E4966.jpg\"><img decoding=\"async\" loading=\"lazy\" width=\"1000\" height=\"747\" data-id=\"940\"  src=\"https:\/\/modernteknolojiyapilari.com.tr\/wp-content\/uploads\/2022\/12\/IMG_E4966.jpg\" alt=\"\" class=\"wp-image-940\" srcset=\"https:\/\/modernteknolojiyapilari.com.tr\/wp-content\/uploads\/2022\/12\/IMG_E4966.jpg 1000w, https:\/\/modernteknolojiyapilari.com.tr\/wp-content\/uploads\/2022\/12\/IMG_E4966-300x224.jpg 300w, https:\/\/modernteknolojiyapilari.com.tr\/wp-content\/uploads\/2022\/12\/IMG_E4966-768x574.jpg 768w\" sizes=\"(max-width: 1000px) 100vw, 1000px\" \/><\/a><\/figure>\n\n\n\n<figure class=\"wp-block-image size-full\"><a href=\"https:\/\/modernteknolojiyapilari.com.tr\/wp-content\/uploads\/2022\/12\/IMG_6163.jpg\"><img decoding=\"async\" loading=\"lazy\" width=\"1000\" height=\"750\" data-id=\"939\"  src=\"https:\/\/modernteknolojiyapilari.com.tr\/wp-content\/uploads\/2022\/12\/IMG_6163.jpg\" alt=\"\" class=\"wp-image-939\" srcset=\"https:\/\/modernteknolojiyapilari.com.tr\/wp-content\/uploads\/2022\/12\/IMG_6163.jpg 1000w, https:\/\/modernteknolojiyapilari.com.tr\/wp-content\/uploads\/2022\/12\/IMG_6163-300x225.jpg 300w, https:\/\/modernteknolojiyapilari.com.tr\/wp-content\/uploads\/2022\/12\/IMG_6163-768x576.jpg 768w\" sizes=\"(max-width: 1000px) 100vw, 1000px\" \/><\/a><\/figure>\n<\/figure>\n","protected":false},"excerpt":{"rendered":"<p>&nbsp; &nbsp; Az yer kaplayan \u00e7ad\u0131r t\u00fcrledir. Ge\u00e7ici veya kal\u0131c\u0131 kullan\u0131ma, her lokasyonda uyum sa\u011flayabilmektedir. &nbsp; &nbsp;<\/p>\n","protected":false},"author":1,"featured_media":0,"parent":0,"menu_order":0,"comment_status":"closed","ping_status":"closed","template":"","meta":[],"_links":{"self":[{"href":"https:\/\/modernteknolojiyapilari.com.tr\/index.php?rest_route=\/wp\/v2\/pages\/459"}],"collection":[{"href":"https:\/\/modernteknolojiyapilari.com.tr\/index.php?rest_route=\/wp\/v2\/pages"}],"about":[{"href":"https:\/\/modernteknolojiyapilari.com.tr\/index.php?rest_route=\/wp\/v2\/types\/page"}],"author":[{"embeddable":true,"href":"https:\/\/modernteknolojiyapilari.com.tr\/index.php?rest_route=\/wp\/v2\/users\/1"}],"replies":[{"embeddable":true,"href":"https:\/\/modernteknolojiyapilari.com.tr\/index.php?rest_route=%2Fwp%2Fv2%2Fcomments&post=459"}],"version-history":[{"count":16,"href":"https:\/\/modernteknolojiyapilari.com.tr\/index.php?rest_route=\/wp\/v2\/pages\/459\/revisions"}],"predecessor-version":[{"id":944,"href":"https:\/\/modernteknolojiyapilari.com.tr\/index.php?rest_route=\/wp\/v2\/pages\/459\/revisions\/944"}],"wp:attachment":[{"href":"https:\/\/modernteknolojiyapilari.com.tr\/index.php?rest_route=%2Fwp%2Fv2%2Fmedia&parent=459"}],"curies":[{"name":"wp","href":"https:\/\/api.w.org\/{rel}","templated":true}]}}