{"id":461,"date":"2022-11-26T20:44:44","date_gmt":"2022-11-26T17:44:44","guid":{"rendered":"https:\/\/modernteknolojiyapilari.com.tr\/?page_id=461"},"modified":"2023-01-08T19:54:40","modified_gmt":"2023-01-08T16:54:40","slug":"parti-yapilari","status":"publish","type":"page","link":"https:\/\/modernteknolojiyapilari.com.tr\/?page_id=461","title":{"rendered":"Parti Yap\u0131lar\u0131"},"content":{"rendered":"\n<p><\/p>\n\n\n\n<p class=\"has-text-align-center\">Lokasyondan ba\u011f\u0131ms\u0131z t\u00fcm e\u011flence organizasyonlar\u0131n\u0131z i\u00e7in uygun yap\u0131lard\u0131r. Ki\u015fi say\u0131s\u0131na g\u00f6re \u00f6zelle\u015ftirilebilir.<\/p>\n\n\n\n<figure class=\"is-layout-flex wp-block-gallery-1 wp-block-gallery has-nested-images columns-4 is-cropped\">\n<figure class=\"wp-block-image size-full\"><a href=\"https:\/\/modernteknolojiyapilari.com.tr\/wp-content\/uploads\/2022\/12\/IMG_4329.jpg\"><img decoding=\"async\" loading=\"lazy\" width=\"1000\" height=\"732\" data-id=\"929\"  src=\"https:\/\/modernteknolojiyapilari.com.tr\/wp-content\/uploads\/2022\/12\/IMG_4329.jpg\" alt=\"\" class=\"wp-image-929\" srcset=\"https:\/\/modernteknolojiyapilari.com.tr\/wp-content\/uploads\/2022\/12\/IMG_4329.jpg 1000w, https:\/\/modernteknolojiyapilari.com.tr\/wp-content\/uploads\/2022\/12\/IMG_4329-300x220.jpg 300w, https:\/\/modernteknolojiyapilari.com.tr\/wp-content\/uploads\/2022\/12\/IMG_4329-768x562.jpg 768w\" sizes=\"(max-width: 1000px) 100vw, 1000px\" \/><\/a><\/figure>\n\n\n\n<figure class=\"wp-block-image size-full\"><a href=\"https:\/\/modernteknolojiyapilari.com.tr\/wp-content\/uploads\/2022\/12\/XAPJ5091.jpg\"><img decoding=\"async\" loading=\"lazy\" width=\"910\" height=\"662\" data-id=\"931\"  src=\"https:\/\/modernteknolojiyapilari.com.tr\/wp-content\/uploads\/2022\/12\/XAPJ5091.jpg\" alt=\"\" class=\"wp-image-931\" srcset=\"https:\/\/modernteknolojiyapilari.com.tr\/wp-content\/uploads\/2022\/12\/XAPJ5091.jpg 910w, https:\/\/modernteknolojiyapilari.com.tr\/wp-content\/uploads\/2022\/12\/XAPJ5091-300x218.jpg 300w, https:\/\/modernteknolojiyapilari.com.tr\/wp-content\/uploads\/2022\/12\/XAPJ5091-768x559.jpg 768w\" sizes=\"(max-width: 910px) 100vw, 910px\" \/><\/a><\/figure>\n\n\n\n<figure class=\"wp-block-image size-full\"><a href=\"https:\/\/modernteknolojiyapilari.com.tr\/wp-content\/uploads\/2022\/12\/IMG_4322.jpg\"><img decoding=\"async\" loading=\"lazy\" width=\"1000\" height=\"750\" data-id=\"928\"  src=\"https:\/\/modernteknolojiyapilari.com.tr\/wp-content\/uploads\/2022\/12\/IMG_4322.jpg\" alt=\"\" class=\"wp-image-928\" srcset=\"https:\/\/modernteknolojiyapilari.com.tr\/wp-content\/uploads\/2022\/12\/IMG_4322.jpg 1000w, https:\/\/modernteknolojiyapilari.com.tr\/wp-content\/uploads\/2022\/12\/IMG_4322-300x225.jpg 300w, https:\/\/modernteknolojiyapilari.com.tr\/wp-content\/uploads\/2022\/12\/IMG_4322-768x576.jpg 768w\" sizes=\"(max-width: 1000px) 100vw, 1000px\" \/><\/a><\/figure>\n\n\n\n<figure class=\"wp-block-image size-full\"><a href=\"https:\/\/modernteknolojiyapilari.com.tr\/wp-content\/uploads\/2022\/12\/IMG_E5924.jpg\"><img decoding=\"async\" loading=\"lazy\" width=\"1000\" height=\"901\" data-id=\"930\"  src=\"https:\/\/modernteknolojiyapilari.com.tr\/wp-content\/uploads\/2022\/12\/IMG_E5924.jpg\" alt=\"\" class=\"wp-image-930\" srcset=\"https:\/\/modernteknolojiyapilari.com.tr\/wp-content\/uploads\/2022\/12\/IMG_E5924.jpg 1000w, https:\/\/modernteknolojiyapilari.com.tr\/wp-content\/uploads\/2022\/12\/IMG_E5924-300x270.jpg 300w, https:\/\/modernteknolojiyapilari.com.tr\/wp-content\/uploads\/2022\/12\/IMG_E5924-768x692.jpg 768w\" sizes=\"(max-width: 1000px) 100vw, 1000px\" \/><\/a><\/figure>\n\n\n\n<figure class=\"wp-block-image size-medium\"><a href=\"https:\/\/modernteknolojiyapilari.com.tr\/wp-content\/uploads\/2023\/01\/FNID4498.jpg\"><img decoding=\"async\" loading=\"lazy\" width=\"225\" height=\"300\" data-id=\"1050\"  src=\"https:\/\/modernteknolojiyapilari.com.tr\/wp-content\/uploads\/2023\/01\/FNID4498-225x300.jpg\" alt=\"\" class=\"wp-image-1050\" srcset=\"https:\/\/modernteknolojiyapilari.com.tr\/wp-content\/uploads\/2023\/01\/FNID4498-225x300.jpg 225w, https:\/\/modernteknolojiyapilari.com.tr\/wp-content\/uploads\/2023\/01\/FNID4498.jpg 768w\" sizes=\"(max-width: 225px) 100vw, 225px\" \/><\/a><\/figure>\n\n\n\n<figure class=\"wp-block-image size-medium\"><a href=\"https:\/\/modernteknolojiyapilari.com.tr\/wp-content\/uploads\/2023\/01\/GCGB6843.jpg\"><img decoding=\"async\" loading=\"lazy\" width=\"300\" height=\"140\" data-id=\"1051\"  src=\"https:\/\/modernteknolojiyapilari.com.tr\/wp-content\/uploads\/2023\/01\/GCGB6843-300x140.jpg\" alt=\"\" class=\"wp-image-1051\" srcset=\"https:\/\/modernteknolojiyapilari.com.tr\/wp-content\/uploads\/2023\/01\/GCGB6843-300x140.jpg 300w, https:\/\/modernteknolojiyapilari.com.tr\/wp-content\/uploads\/2023\/01\/GCGB6843-768x359.jpg 768w, https:\/\/modernteknolojiyapilari.com.tr\/wp-content\/uploads\/2023\/01\/GCGB6843.jpg 1024w\" sizes=\"(max-width: 300px) 100vw, 300px\" \/><\/a><\/figure>\n\n\n\n<figure class=\"wp-block-image size-medium\"><a href=\"https:\/\/modernteknolojiyapilari.com.tr\/wp-content\/uploads\/2023\/01\/IMG_E6043.jpg\"><img decoding=\"async\" loading=\"lazy\" width=\"300\" height=\"227\" data-id=\"1052\"  src=\"https:\/\/modernteknolojiyapilari.com.tr\/wp-content\/uploads\/2023\/01\/IMG_E6043-300x227.jpg\" alt=\"\" class=\"wp-image-1052\" srcset=\"https:\/\/modernteknolojiyapilari.com.tr\/wp-content\/uploads\/2023\/01\/IMG_E6043-300x227.jpg 300w, https:\/\/modernteknolojiyapilari.com.tr\/wp-content\/uploads\/2023\/01\/IMG_E6043-1024x775.jpg 1024w, https:\/\/modernteknolojiyapilari.com.tr\/wp-content\/uploads\/2023\/01\/IMG_E6043-768x582.jpg 768w, https:\/\/modernteknolojiyapilari.com.tr\/wp-content\/uploads\/2023\/01\/IMG_E6043.jpg 1079w\" sizes=\"(max-width: 300px) 100vw, 300px\" \/><\/a><\/figure>\n\n\n\n<figure class=\"wp-block-image size-medium\"><a href=\"https:\/\/modernteknolojiyapilari.com.tr\/wp-content\/uploads\/2023\/01\/Ekran-goruntusu-2023-01-08-193954.jpg\"><img decoding=\"async\" loading=\"lazy\" width=\"300\" height=\"222\" data-id=\"1034\"  src=\"https:\/\/modernteknolojiyapilari.com.tr\/wp-content\/uploads\/2023\/01\/Ekran-goruntusu-2023-01-08-193954-300x222.jpg\" alt=\"\" class=\"wp-image-1034\" srcset=\"https:\/\/modernteknolojiyapilari.com.tr\/wp-content\/uploads\/2023\/01\/Ekran-goruntusu-2023-01-08-193954-300x222.jpg 300w, https:\/\/modernteknolojiyapilari.com.tr\/wp-content\/uploads\/2023\/01\/Ekran-goruntusu-2023-01-08-193954-1024x756.jpg 1024w, https:\/\/modernteknolojiyapilari.com.tr\/wp-content\/uploads\/2023\/01\/Ekran-goruntusu-2023-01-08-193954-768x567.jpg 768w, https:\/\/modernteknolojiyapilari.com.tr\/wp-content\/uploads\/2023\/01\/Ekran-goruntusu-2023-01-08-193954.jpg 1292w\" sizes=\"(max-width: 300px) 100vw, 300px\" \/><\/a><\/figure>\n<\/figure>\n\n\n\n<p><\/p>\n\n\n\n<figure class=\"is-layout-flex wp-block-gallery-3 wp-block-gallery has-nested-images columns-4 is-cropped\"><\/figure>\n","protected":false},"excerpt":{"rendered":"<p>Lokasyondan ba\u011f\u0131ms\u0131z t\u00fcm e\u011flence organizasyonlar\u0131n\u0131z i\u00e7in uygun yap\u0131lard\u0131r. Ki\u015fi say\u0131s\u0131na g\u00f6re \u00f6zelle\u015ftirilebilir.<\/p>\n","protected":false},"author":1,"featured_media":0,"parent":0,"menu_order":0,"comment_status":"closed","ping_status":"closed","template":"","meta":[],"_links":{"self":[{"href":"https:\/\/modernteknolojiyapilari.com.tr\/index.php?rest_route=\/wp\/v2\/pages\/461"}],"collection":[{"href":"https:\/\/modernteknolojiyapilari.com.tr\/index.php?rest_route=\/wp\/v2\/pages"}],"about":[{"href":"https:\/\/modernteknolojiyapilari.com.tr\/index.php?rest_route=\/wp\/v2\/types\/page"}],"author":[{"embeddable":true,"href":"https:\/\/modernteknolojiyapilari.com.tr\/index.php?rest_route=\/wp\/v2\/users\/1"}],"replies":[{"embeddable":true,"href":"https:\/\/modernteknolojiyapilari.com.tr\/index.php?rest_route=%2Fwp%2Fv2%2Fcomments&post=461"}],"version-history":[{"count":9,"href":"https:\/\/modernteknolojiyapilari.com.tr\/index.php?rest_route=\/wp\/v2\/pages\/461\/revisions"}],"predecessor-version":[{"id":1054,"href":"https:\/\/modernteknolojiyapilari.com.tr\/index.php?rest_route=\/wp\/v2\/pages\/461\/revisions\/1054"}],"wp:attachment":[{"href":"https:\/\/modernteknolojiyapilari.com.tr\/index.php?rest_route=%2Fwp%2Fv2%2Fmedia&parent=461"}],"curies":[{"name":"wp","href":"https:\/\/api.w.org\/{rel}","templated":true}]}}