{"id":463,"date":"2022-11-26T20:45:12","date_gmt":"2022-11-26T17:45:12","guid":{"rendered":"https:\/\/modernteknolojiyapilari.com.tr\/?page_id=463"},"modified":"2023-01-08T20:06:39","modified_gmt":"2023-01-08T17:06:39","slug":"etkinlik-yapilari","status":"publish","type":"page","link":"https:\/\/modernteknolojiyapilari.com.tr\/?page_id=463","title":{"rendered":"Etkinlik Yap\u0131lar\u0131"},"content":{"rendered":"\n<p><\/p>\n\n\n\n<p><\/p>\n\n\n\n<p class=\"has-text-align-center\">Daha d\u00fc\u015f\u00fck yat\u0131r\u0131m daha y\u00fcksek konfor. \u00d6zelle\u015ftirilebilir alanlar, kurumsal kimli\u011fe uygun tasar\u0131mlar.<\/p>\n\n\n\n<p><\/p>\n\n\n\n<p><\/p>\n\n\n\n<figure class=\"is-layout-flex wp-block-gallery-1 wp-block-gallery has-nested-images columns-4 is-cropped\">\n<figure class=\"wp-block-image size-full\"><a href=\"https:\/\/modernteknolojiyapilari.com.tr\/wp-content\/uploads\/2022\/12\/IMG_5321.jpg\"><img decoding=\"async\" loading=\"lazy\" width=\"1000\" height=\"750\" data-id=\"934\"  src=\"https:\/\/modernteknolojiyapilari.com.tr\/wp-content\/uploads\/2022\/12\/IMG_5321.jpg\" alt=\"\" class=\"wp-image-934\" srcset=\"https:\/\/modernteknolojiyapilari.com.tr\/wp-content\/uploads\/2022\/12\/IMG_5321.jpg 1000w, https:\/\/modernteknolojiyapilari.com.tr\/wp-content\/uploads\/2022\/12\/IMG_5321-300x225.jpg 300w, https:\/\/modernteknolojiyapilari.com.tr\/wp-content\/uploads\/2022\/12\/IMG_5321-768x576.jpg 768w\" sizes=\"(max-width: 1000px) 100vw, 1000px\" \/><\/a><\/figure>\n\n\n\n<figure class=\"wp-block-image size-full\"><a href=\"https:\/\/modernteknolojiyapilari.com.tr\/wp-content\/uploads\/2022\/12\/QWMZ0889.jpg\"><img decoding=\"async\" loading=\"lazy\" width=\"1000\" height=\"585\" data-id=\"935\"  src=\"https:\/\/modernteknolojiyapilari.com.tr\/wp-content\/uploads\/2022\/12\/QWMZ0889.jpg\" alt=\"\" class=\"wp-image-935\" srcset=\"https:\/\/modernteknolojiyapilari.com.tr\/wp-content\/uploads\/2022\/12\/QWMZ0889.jpg 1000w, https:\/\/modernteknolojiyapilari.com.tr\/wp-content\/uploads\/2022\/12\/QWMZ0889-300x176.jpg 300w, https:\/\/modernteknolojiyapilari.com.tr\/wp-content\/uploads\/2022\/12\/QWMZ0889-768x449.jpg 768w\" sizes=\"(max-width: 1000px) 100vw, 1000px\" \/><\/a><\/figure>\n\n\n\n<figure class=\"wp-block-image size-large\"><a href=\"https:\/\/modernteknolojiyapilari.com.tr\/wp-content\/uploads\/2022\/12\/EGME4866.jpg\"><img decoding=\"async\" loading=\"lazy\" width=\"1024\" height=\"576\" data-id=\"933\"  src=\"https:\/\/modernteknolojiyapilari.com.tr\/wp-content\/uploads\/2022\/12\/EGME4866-1024x576.jpg\" alt=\"\" class=\"wp-image-933\" srcset=\"https:\/\/modernteknolojiyapilari.com.tr\/wp-content\/uploads\/2022\/12\/EGME4866-1024x576.jpg 1024w, https:\/\/modernteknolojiyapilari.com.tr\/wp-content\/uploads\/2022\/12\/EGME4866-300x169.jpg 300w, https:\/\/modernteknolojiyapilari.com.tr\/wp-content\/uploads\/2022\/12\/EGME4866-768x432.jpg 768w, https:\/\/modernteknolojiyapilari.com.tr\/wp-content\/uploads\/2022\/12\/EGME4866.jpg 1200w\" sizes=\"(max-width: 1024px) 100vw, 1024px\" \/><\/a><\/figure>\n<\/figure>\n\n\n\n<figure class=\"is-layout-flex wp-block-gallery-3 wp-block-gallery has-nested-images columns-4 is-cropped\">\n<figure class=\"wp-block-image size-medium\"><a href=\"https:\/\/modernteknolojiyapilari.com.tr\/wp-content\/uploads\/2023\/01\/Ekran-goruntusu-2023-01-08-200459.jpg\"><img decoding=\"async\" loading=\"lazy\" width=\"300\" height=\"203\" data-id=\"1076\"  src=\"https:\/\/modernteknolojiyapilari.com.tr\/wp-content\/uploads\/2023\/01\/Ekran-goruntusu-2023-01-08-200459-300x203.jpg\" alt=\"\" class=\"wp-image-1076\" srcset=\"https:\/\/modernteknolojiyapilari.com.tr\/wp-content\/uploads\/2023\/01\/Ekran-goruntusu-2023-01-08-200459-300x203.jpg 300w, https:\/\/modernteknolojiyapilari.com.tr\/wp-content\/uploads\/2023\/01\/Ekran-goruntusu-2023-01-08-200459-1024x693.jpg 1024w, https:\/\/modernteknolojiyapilari.com.tr\/wp-content\/uploads\/2023\/01\/Ekran-goruntusu-2023-01-08-200459-768x520.jpg 768w, https:\/\/modernteknolojiyapilari.com.tr\/wp-content\/uploads\/2023\/01\/Ekran-goruntusu-2023-01-08-200459.jpg 1301w\" sizes=\"(max-width: 300px) 100vw, 300px\" \/><\/a><\/figure>\n\n\n\n<figure class=\"wp-block-image size-medium\"><a href=\"https:\/\/modernteknolojiyapilari.com.tr\/wp-content\/uploads\/2023\/01\/Ekran-goruntusu-2023-01-08-200539.jpg\"><img decoding=\"async\" loading=\"lazy\" width=\"300\" height=\"210\" data-id=\"1077\"  src=\"https:\/\/modernteknolojiyapilari.com.tr\/wp-content\/uploads\/2023\/01\/Ekran-goruntusu-2023-01-08-200539-300x210.jpg\" alt=\"\" class=\"wp-image-1077\" srcset=\"https:\/\/modernteknolojiyapilari.com.tr\/wp-content\/uploads\/2023\/01\/Ekran-goruntusu-2023-01-08-200539-300x210.jpg 300w, https:\/\/modernteknolojiyapilari.com.tr\/wp-content\/uploads\/2023\/01\/Ekran-goruntusu-2023-01-08-200539-1024x717.jpg 1024w, https:\/\/modernteknolojiyapilari.com.tr\/wp-content\/uploads\/2023\/01\/Ekran-goruntusu-2023-01-08-200539-768x538.jpg 768w, https:\/\/modernteknolojiyapilari.com.tr\/wp-content\/uploads\/2023\/01\/Ekran-goruntusu-2023-01-08-200539.jpg 1185w\" sizes=\"(max-width: 300px) 100vw, 300px\" \/><\/a><\/figure>\n\n\n\n<figure class=\"wp-block-image size-medium\"><a href=\"https:\/\/modernteknolojiyapilari.com.tr\/wp-content\/uploads\/2023\/01\/OMLP9733.jpg\"><img decoding=\"async\" loading=\"lazy\" width=\"300\" height=\"170\" data-id=\"1078\"  src=\"https:\/\/modernteknolojiyapilari.com.tr\/wp-content\/uploads\/2023\/01\/OMLP9733-300x170.jpg\" alt=\"\" class=\"wp-image-1078\" srcset=\"https:\/\/modernteknolojiyapilari.com.tr\/wp-content\/uploads\/2023\/01\/OMLP9733-300x170.jpg 300w, https:\/\/modernteknolojiyapilari.com.tr\/wp-content\/uploads\/2023\/01\/OMLP9733-768x435.jpg 768w, https:\/\/modernteknolojiyapilari.com.tr\/wp-content\/uploads\/2023\/01\/OMLP9733.jpg 1024w\" sizes=\"(max-width: 300px) 100vw, 300px\" \/><\/a><\/figure>\n<\/figure>\n","protected":false},"excerpt":{"rendered":"<p>Daha d\u00fc\u015f\u00fck yat\u0131r\u0131m daha y\u00fcksek konfor. \u00d6zelle\u015ftirilebilir alanlar, kurumsal kimli\u011fe uygun tasar\u0131mlar.<\/p>\n","protected":false},"author":1,"featured_media":0,"parent":0,"menu_order":0,"comment_status":"closed","ping_status":"closed","template":"","meta":[],"_links":{"self":[{"href":"https:\/\/modernteknolojiyapilari.com.tr\/index.php?rest_route=\/wp\/v2\/pages\/463"}],"collection":[{"href":"https:\/\/modernteknolojiyapilari.com.tr\/index.php?rest_route=\/wp\/v2\/pages"}],"about":[{"href":"https:\/\/modernteknolojiyapilari.com.tr\/index.php?rest_route=\/wp\/v2\/types\/page"}],"author":[{"embeddable":true,"href":"https:\/\/modernteknolojiyapilari.com.tr\/index.php?rest_route=\/wp\/v2\/users\/1"}],"replies":[{"embeddable":true,"href":"https:\/\/modernteknolojiyapilari.com.tr\/index.php?rest_route=%2Fwp%2Fv2%2Fcomments&post=463"}],"version-history":[{"count":5,"href":"https:\/\/modernteknolojiyapilari.com.tr\/index.php?rest_route=\/wp\/v2\/pages\/463\/revisions"}],"predecessor-version":[{"id":1079,"href":"https:\/\/modernteknolojiyapilari.com.tr\/index.php?rest_route=\/wp\/v2\/pages\/463\/revisions\/1079"}],"wp:attachment":[{"href":"https:\/\/modernteknolojiyapilari.com.tr\/index.php?rest_route=%2Fwp%2Fv2%2Fmedia&parent=463"}],"curies":[{"name":"wp","href":"https:\/\/api.w.org\/{rel}","templated":true}]}}