{"id":465,"date":"2022-11-26T20:45:36","date_gmt":"2022-11-26T17:45:36","guid":{"rendered":"https:\/\/modernteknolojiyapilari.com.tr\/?page_id=465"},"modified":"2022-12-28T10:35:38","modified_gmt":"2022-12-28T07:35:38","slug":"diger-yapilar","status":"publish","type":"page","link":"https:\/\/modernteknolojiyapilari.com.tr\/?page_id=465","title":{"rendered":"Di\u011fer Yap\u0131lar"},"content":{"rendered":"\n<p><\/p>\n\n\n\n<p><\/p>\n\n\n\n<p class=\"has-text-align-center\">T\u00fcm \u00e7ad\u0131r ihtiya\u00e7lar\u0131n\u0131za uygun \u00e7\u00f6z\u00fcmler. \u0130stenilen boyut ve \u00f6l\u00e7\u00fclere uygun yap\u0131 sistemlerimiz i\u00e7in bizimle ileti\u015fime ge\u00e7ebilirisiz.<\/p>\n\n\n\n<p><\/p>\n\n\n\n<figure class=\"is-layout-flex wp-block-gallery-1 wp-block-gallery has-nested-images columns-4 is-cropped\">\n<figure class=\"wp-block-image size-full\"><a href=\"https:\/\/modernteknolojiyapilari.com.tr\/wp-content\/uploads\/2022\/12\/IMG_5528.jpg\"><img decoding=\"async\" loading=\"lazy\" width=\"1000\" height=\"750\" data-id=\"926\"  src=\"https:\/\/modernteknolojiyapilari.com.tr\/wp-content\/uploads\/2022\/12\/IMG_5528.jpg\" alt=\"\" class=\"wp-image-926\" srcset=\"https:\/\/modernteknolojiyapilari.com.tr\/wp-content\/uploads\/2022\/12\/IMG_5528.jpg 1000w, https:\/\/modernteknolojiyapilari.com.tr\/wp-content\/uploads\/2022\/12\/IMG_5528-300x225.jpg 300w, https:\/\/modernteknolojiyapilari.com.tr\/wp-content\/uploads\/2022\/12\/IMG_5528-768x576.jpg 768w\" sizes=\"(max-width: 1000px) 100vw, 1000px\" \/><\/a><\/figure>\n\n\n\n<figure class=\"wp-block-image size-full\"><a href=\"https:\/\/modernteknolojiyapilari.com.tr\/wp-content\/uploads\/2022\/12\/IMG_5320.jpg\"><img decoding=\"async\" loading=\"lazy\" width=\"900\" height=\"675\" data-id=\"922\"  src=\"https:\/\/modernteknolojiyapilari.com.tr\/wp-content\/uploads\/2022\/12\/IMG_5320.jpg\" alt=\"\" class=\"wp-image-922\" srcset=\"https:\/\/modernteknolojiyapilari.com.tr\/wp-content\/uploads\/2022\/12\/IMG_5320.jpg 900w, https:\/\/modernteknolojiyapilari.com.tr\/wp-content\/uploads\/2022\/12\/IMG_5320-300x225.jpg 300w, https:\/\/modernteknolojiyapilari.com.tr\/wp-content\/uploads\/2022\/12\/IMG_5320-768x576.jpg 768w\" sizes=\"(max-width: 900px) 100vw, 900px\" \/><\/a><\/figure>\n\n\n\n<figure class=\"wp-block-image size-full\"><a href=\"https:\/\/modernteknolojiyapilari.com.tr\/wp-content\/uploads\/2022\/12\/IMG_5691.jpg\"><img decoding=\"async\" loading=\"lazy\" width=\"900\" height=\"675\" data-id=\"923\"  src=\"https:\/\/modernteknolojiyapilari.com.tr\/wp-content\/uploads\/2022\/12\/IMG_5691.jpg\" alt=\"\" class=\"wp-image-923\" srcset=\"https:\/\/modernteknolojiyapilari.com.tr\/wp-content\/uploads\/2022\/12\/IMG_5691.jpg 900w, https:\/\/modernteknolojiyapilari.com.tr\/wp-content\/uploads\/2022\/12\/IMG_5691-300x225.jpg 300w, https:\/\/modernteknolojiyapilari.com.tr\/wp-content\/uploads\/2022\/12\/IMG_5691-768x576.jpg 768w\" sizes=\"(max-width: 900px) 100vw, 900px\" \/><\/a><\/figure>\n\n\n\n<figure class=\"wp-block-image size-large\"><a href=\"https:\/\/modernteknolojiyapilari.com.tr\/wp-content\/uploads\/2022\/12\/FMOP3529.jpg\"><img decoding=\"async\" loading=\"lazy\" width=\"1024\" height=\"649\" data-id=\"924\"  src=\"https:\/\/modernteknolojiyapilari.com.tr\/wp-content\/uploads\/2022\/12\/FMOP3529-1024x649.jpg\" alt=\"\" class=\"wp-image-924\" srcset=\"https:\/\/modernteknolojiyapilari.com.tr\/wp-content\/uploads\/2022\/12\/FMOP3529-1024x649.jpg 1024w, https:\/\/modernteknolojiyapilari.com.tr\/wp-content\/uploads\/2022\/12\/FMOP3529-300x190.jpg 300w, https:\/\/modernteknolojiyapilari.com.tr\/wp-content\/uploads\/2022\/12\/FMOP3529-768x486.jpg 768w, https:\/\/modernteknolojiyapilari.com.tr\/wp-content\/uploads\/2022\/12\/FMOP3529.jpg 1080w\" sizes=\"(max-width: 1024px) 100vw, 1024px\" \/><\/a><\/figure>\n<\/figure>\n\n\n\n<figure class=\"is-layout-flex wp-block-gallery-3 wp-block-gallery has-nested-images columns-4 is-cropped\"><\/figure>\n","protected":false},"excerpt":{"rendered":"<p>T\u00fcm \u00e7ad\u0131r ihtiya\u00e7lar\u0131n\u0131za uygun \u00e7\u00f6z\u00fcmler. \u0130stenilen boyut ve \u00f6l\u00e7\u00fclere uygun yap\u0131 sistemlerimiz i\u00e7in bizimle ileti\u015fime ge\u00e7ebilirisiz.<\/p>\n","protected":false},"author":1,"featured_media":0,"parent":0,"menu_order":0,"comment_status":"closed","ping_status":"closed","template":"","meta":[],"_links":{"self":[{"href":"https:\/\/modernteknolojiyapilari.com.tr\/index.php?rest_route=\/wp\/v2\/pages\/465"}],"collection":[{"href":"https:\/\/modernteknolojiyapilari.com.tr\/index.php?rest_route=\/wp\/v2\/pages"}],"about":[{"href":"https:\/\/modernteknolojiyapilari.com.tr\/index.php?rest_route=\/wp\/v2\/types\/page"}],"author":[{"embeddable":true,"href":"https:\/\/modernteknolojiyapilari.com.tr\/index.php?rest_route=\/wp\/v2\/users\/1"}],"replies":[{"embeddable":true,"href":"https:\/\/modernteknolojiyapilari.com.tr\/index.php?rest_route=%2Fwp%2Fv2%2Fcomments&post=465"}],"version-history":[{"count":11,"href":"https:\/\/modernteknolojiyapilari.com.tr\/index.php?rest_route=\/wp\/v2\/pages\/465\/revisions"}],"predecessor-version":[{"id":927,"href":"https:\/\/modernteknolojiyapilari.com.tr\/index.php?rest_route=\/wp\/v2\/pages\/465\/revisions\/927"}],"wp:attachment":[{"href":"https:\/\/modernteknolojiyapilari.com.tr\/index.php?rest_route=%2Fwp%2Fv2%2Fmedia&parent=465"}],"curies":[{"name":"wp","href":"https:\/\/api.w.org\/{rel}","templated":true}]}}